{"id":4939,"date":"2026-04-07T15:35:30","date_gmt":"2026-04-07T13:35:30","guid":{"rendered":"https:\/\/tarragonacf.euses.cat\/aviso-legal\/"},"modified":"2026-04-17T10:25:50","modified_gmt":"2026-04-17T08:25:50","slug":"aviso-legal","status":"publish","type":"page","link":"https:\/\/tarragonacf.euses.cat\/es\/aviso-legal\/","title":{"rendered":"Aviso legal"},"content":{"rendered":"\t\t<div data-elementor-type=\"wp-page\" data-elementor-id=\"4939\" class=\"elementor elementor-4939 elementor-4500\" data-elementor-post-type=\"page\">\n\t\t\t\t<div class=\"elementor-element elementor-element-911e2e3 e-flex e-con-boxed e-con e-parent\" data-id=\"911e2e3\" data-element_type=\"container\" data-e-type=\"container\" data-settings=\"{&quot;background_background&quot;:&quot;classic&quot;}\">\n\t\t\t\t\t<div class=\"e-con-inner\">\n\t\t<div class=\"elementor-element elementor-element-53e7999 e-con-full e-flex e-con e-child\" data-id=\"53e7999\" data-element_type=\"container\" data-e-type=\"container\">\n\t\t\t\t<div class=\"elementor-element elementor-element-73de2f1 elementor-widget__width-initial dobletipo elementor-widget elementor-widget-heading\" data-id=\"73de2f1\" data-element_type=\"widget\" data-e-type=\"widget\" data-widget_type=\"heading.default\">\n\t\t\t\t<div class=\"elementor-widget-container\">\n\t\t\t\t\t<h1 class=\"elementor-heading-title elementor-size-default\">Aviso<br>Legal<\/h1>\t\t\t\t<\/div>\n\t\t\t\t<\/div>\n\t\t\t\t<\/div>\n\t\t<div class=\"elementor-element elementor-element-58be892 e-con-full e-flex e-con e-child\" data-id=\"58be892\" data-element_type=\"container\" data-e-type=\"container\">\n\t\t\t\t<div class=\"elementor-element elementor-element-1dc1a5c elementor-widget elementor-widget-text-editor\" data-id=\"1dc1a5c\" data-element_type=\"widget\" data-e-type=\"widget\" data-widget_type=\"text-editor.default\">\n\t\t\t\t<div class=\"elementor-widget-container\">\n\t\t\t\t\t\t\t\t\t<p>EUSES TERRES DE L\u2019EBRE, S.L. adquiere el compromiso de salvaguardar la privacidad de los visitantes de su p\u00e1gina web. Lea nuestra pol\u00edtica de privacidad para informarse de c\u00f3mo es tratada la informaci\u00f3n que nos proporciona. El env\u00edo de comunicaciones o mensajes con datos personales a trav\u00e9s de esta p\u00e1gina web implica la conformidad con la pol\u00edtica de privacidad.  <\/p><p><strong>1. Informaci\u00f3n legal y aceptaci\u00f3n.<\/strong><\/p><p>Las presentes disposiciones regulan el uso del servicio del portal de Internet (en adelante, el \u2018Portal\u2019) que EUSES TERRES DE L\u2019EBRE, S.L. pone a disposici\u00f3n de los usuarios de Internet.<\/p><p>EUSES TERRES DE L\u2019EBRE, S.L. (en adelante \u201cEUSES TE\u201d) tiene su domicilio social en C\/ Francesc Maci\u00e0 65, 17190-Salt. Girona. Tel\u00e9fono: +34 972 405 130. Est\u00e1 constituido mediante escritura de constituci\u00f3n inscrita en el Registro Mercantil de Girona.   <\/p><p>El acceso a la p\u00e1gina web es gratuito, salvo en lo relativo al coste de la conexi\u00f3n a trav\u00e9s de la red de telecomunicaciones suministrada por el proveedor de acceso contratado por los usuarios.<\/p><p>La utilizaci\u00f3n del Portal atribuye la condici\u00f3n de usuario del Portal (en adelante, el \u2018Usuario\u2019) e implica la aceptaci\u00f3n de todas las condiciones incluidas en este Aviso Legal. La prestaci\u00f3n del servicio del Portal tiene una duraci\u00f3n limitada al momento en el que el Usuario se encuentre conectado al Portal o a alguno de los servicios que a trav\u00e9s del mismo se facilitan. Por tanto, el Usuario debe leer atentamente el presente Aviso Legal en cada una de las ocasiones en que se proponga utilizar el Portal, ya que este y sus condiciones de uso recogidas en el presente Aviso Legal pueden sufrir modificaciones.  <\/p><p><strong>2. Condiciones de uso del portal.<\/strong><\/p><p><strong>2.1 General.<\/strong><\/p><p>El Usuario se obliga a hacer un uso correcto del Portal de conformidad con la Ley y el presente Aviso Legal. El Usuario responder\u00e1 frente a EUSES TE o frente a terceros, de cualesquiera da\u00f1os y perjuicios que pudieran causarse como consecuencia del incumplimiento de dicha obligaci\u00f3n. <\/p><p><strong>2.2 Contenidos.<\/strong><\/p><p>El Usuario se compromete a utilizar los Contenidos de conformidad con la Ley y el presente Aviso Legal, as\u00ed como con las dem\u00e1s condiciones, reglamentos e instrucciones que en su caso pudieran ser de aplicaci\u00f3n.<\/p><p>Con car\u00e1cter meramente enunciativo, el Usuario, de acuerdo con la legislaci\u00f3n vigente, deber\u00e1 abstenerse de:<\/p><p>Reproducir, copiar, distribuir, poner a disposici\u00f3n, comunicar p\u00fablicamente, transformar o modificar los Contenidos, salvo en los casos autorizados en la ley o expresamente consentidos por EUSES TE o por quien ostente la titularidad de los derechos de explotaci\u00f3n en su caso.<br>Reproducir o copiar para uso privado los Contenidos que puedan ser considerados como Software o Base de Datos de conformidad con la legislaci\u00f3n vigente en materia de propiedad intelectual, as\u00ed como su comunicaci\u00f3n p\u00fablica o puesta a disposici\u00f3n de terceros, cuando estos actos impliquen necesariamente la reproducci\u00f3n por parte del Usuario o de un tercero.<br>Extraer o reutilizar la totalidad o una parte sustancial de los Contenidos integrantes del Portal as\u00ed como de las bases de datos que EUSES TE ponga a disposici\u00f3n de los Usuarios.<br>Utilizar los contenidos y en particular la informaci\u00f3n obtenida a trav\u00e9s del sitio web para remitir publicidad, enviar mensajes con fines comerciales, ni para recoger o almacenar datos personales de terceros.<\/p><p><strong>2.3 Formularios de recogida de datos.<\/strong><\/p><p>Toda la informaci\u00f3n que facilite el Usuario a trav\u00e9s de los formularios del Portal a los efectos anteriores o cualesquiera otros deber\u00e1 ser veraz. A estos efectos, el Usuario garantiza la autenticidad de todos aquellos datos que comunique y mantendr\u00e1 la informaci\u00f3n facilitada a EUSES TE perfectamente actualizada, de forma que responda, en todo momento, a la situaci\u00f3n real del Usuario. En todo caso ser\u00e1 el Usuario el \u00fanico responsable de las manifestaciones falsas o inexactas que realice y de los perjuicios que cause a EUSES TE o a terceros por la informaci\u00f3n que facilite.  <\/p><p><strong>2.4 Introducci\u00f3n de enlaces al Portal.<\/strong><\/p><p>El usuario de Internet que quiera introducir enlaces desde sus propias p\u00e1ginas web al Portal deber\u00e1 cumplir con las condiciones que se detallan a continuaci\u00f3n sin que el desconocimiento de las mismas evite las responsabilidades derivadas de la Ley.<\/p><p>El enlace \u00fanicamente vincular\u00e1 con la home page o p\u00e1gina principal del Portal, pero no podr\u00e1 reproducirla de ninguna forma (inline links, copia de los textos, gr\u00e1ficos, etc.).<\/p><p>Quedar\u00e1 en todo caso prohibido, de acuerdo con la legislaci\u00f3n aplicable y vigente en cada momento, establecer frames o marcos de cualquier tipo que envuelvan al Portal o permitan la visualizaci\u00f3n de los Contenidos a trav\u00e9s de direcciones de Internet distintas a las del Portal y, en cualquier caso, cuando se visualicen conjuntamente con contenidos ajenos al Portal de forma que: (I) produzca, o pueda producir, error, confusi\u00f3n o enga\u00f1o en los usuarios sobre la verdadera procedencia del servicio o Contenidos; (II) suponga un acto de comparaci\u00f3n o imitaci\u00f3n desleal; (III) sirva para aprovechar la reputaci\u00f3n de la marca y prestigio de EUSES TE; o (IV) de cualquier otra forma resulte prohibido por la legislaci\u00f3n vigente.   <\/p><p>No se realizar\u00e1n desde la p\u00e1gina que introduce el enlace ning\u00fan tipo de manifestaci\u00f3n falsa, inexacta o incorrecta sobre EUSES TE, sus socios, empleados, clientes o sobre la calidad de los servicios que presta.<\/p><p>En ning\u00fan caso, se expresar\u00e1 en la p\u00e1gina donde se ubique el enlace que EUSES TE ha prestado su consentimiento para la inserci\u00f3n del enlace o que de otra forma patrocina, colabora, verifica o supervisa los servicios del remitente.<\/p><p>Est\u00e1 prohibida la utilizaci\u00f3n de cualquier marca denominativa, gr\u00e1fica o mixta o cualquier otro signo distintivo de EUSES TE dentro de la p\u00e1gina del remitente, salvo en los casos permitidos por la ley o expresamente autorizados por EUSES TE y siempre que se permita, en estos casos, un enlace directo con el Portal en la forma establecida en esta cl\u00e1usula.<\/p><p>La p\u00e1gina que establezca el enlace deber\u00e1 cumplir fielmente con la ley y no podr\u00e1 en ning\u00fan caso disponer o enlazar con contenidos propios o de terceros que: (I) sean il\u00edcitos, nocivos o contrarios a la moral y a las buenas costumbres (pornogr\u00e1ficos, violentos, racistas, etc.); (II) induzcan o puedan inducir en el Usuario la falsa concepci\u00f3n de que EUSES TE suscribe, respalda, se adhiere o de cualquier manera apoya, las ideas, manifestaciones o expresiones, l\u00edcitas o il\u00edcitas, del remitente; (III) resulten inapropiados o no pertinentes con la actividad de EUSES TE en atenci\u00f3n al lugar, contenidos y tem\u00e1tica de la p\u00e1gina web del remitente.  <\/p><p><strong>3. Prestaci\u00f3n de servicios de la Ley 34\/2002, de 11 de julio, de servicios de la sociedad de la informaci\u00f3n y de comercio electr\u00f3nico.<\/strong><\/p><p>EUSES TE tiene la condici\u00f3n de prestador de servicios de la sociedad de la informaci\u00f3n en cuanto realiza actividades econ\u00f3micas por Internet y otros medios telem\u00e1ticos (correo electr\u00f3nico, aplicaciones m\u00f3viles, televisi\u00f3n digital interactiva u otros) y desde sus establecimientos en Espa\u00f1a.<\/p><p>En los t\u00e9rminos establecidos en la Ley, EUSES TE realizar\u00e1 comunicaciones comerciales a los alumnos, identific\u00e1ndose expresamente como anunciante.<\/p><p>En particular, se enviar\u00e1n comunicaciones publicitarias o promocionales, por correo electr\u00f3nico, dispositivos m\u00f3viles u otro medio de comunicaci\u00f3n electr\u00f3nica equivalente, a aquellos alumnos de los centros de ense\u00f1anza del Grupo que hubieran aportado sus datos en el momento de la reserva o contrataci\u00f3n de actividades de formaci\u00f3n y complementarias, con el fin de ofrecer servicios del Grupo similares a los que inicialmente fueron objeto de contrataci\u00f3n con el alumno.<\/p><p>Si las comunicaciones hubieran sido remitidas por correo electr\u00f3nico, se incluir\u00e1 la direcci\u00f3n de correo electr\u00f3nico <a href=\"mailto:dpd@metrodoraeducation.com\">dpd@metrodoraeducation.com<\/a> donde podr\u00e1n ejercitarse por el cliente, de forma sencilla y gratuita, el derecho a oponerse al tratamiento de sus datos con fines promocionales.<\/p><p><strong>4. Exclusi\u00f3 de responsabilitat.<\/strong><\/p><p><strong>4.1 De la Informaci\u00f3n.<\/strong><\/p><p>El acceso al Portal no implica la obligaci\u00f3n por parte de EUSES TE de comprobar la veracidad, exactitud, adecuaci\u00f3n, idoneidad, exhaustividad y actualidad de la informaci\u00f3n suministrada a trav\u00e9s del mismo.<\/p><p>EUSES TE no se responsabiliza de las decisiones tomadas a partir de la informaci\u00f3n suministrada en el Portal ni de los da\u00f1os y perjuicios producidos en el Usuario o terceros con motivo de actuaciones que tengan como \u00fanico fundamento la informaci\u00f3n obtenida en el Portal.<\/p><p><strong>4.2 De la disponibilitat del Servei.<\/strong><\/p><p>L\u2019acc\u00e9s al Portal requereix serveis i subministraments de tercers, inclosos el transport a trav\u00e9s de xarxes de telecomunicacions, la fiabilitat, qualitat, continu\u00eftat i funcionament de les quals no correspon a <span class=\"hiddenSpellError\">EUSES<\/span> TE. Per tant, els serveis prove\u00efts a trav\u00e9s del Portal poden ser suspesos, cancel\u00b7lats o resultar inaccessibles, amb car\u00e0cter previ o simultani a la prestaci\u00f3 del servei del Portal. <\/p><p><strong>4.3 De los contenidos y servicios enlazados a trav\u00e9s del Portal.<\/strong><\/p><p>El servicio de acceso al Portal incluye dispositivos t\u00e9cnicos de enlace, directorios e incluso instrumentos de b\u00fasqueda que permiten al Usuario acceder a otras p\u00e1ginas y portales de Internet (en adelante, \u2018Sitios Enlazados\u2019). En estos casos, EUSES TE act\u00faa como prestador de servicios de intermediaci\u00f3n de conformidad con el art\u00edculo 17 de la Ley 34\/2002, de 12 de julio, de Servicios de la Sociedad de la Informaci\u00f3n y el Comercio Electr\u00f3nico (LSSI) y solo ser\u00e1 responsable de los contenidos y servicios suministrados en los Sitios Enlazados en la medida en que tenga conocimiento efectivo de la ilicitud y no haya desactivado el enlace con la diligencia debida. En el supuesto de que el Usuario considere que existe un Sitio Enlazado con contenidos il\u00edcitos o inadecuados, podr\u00e1 comunic\u00e1rselo a EUSES TE, sin que en ning\u00fan caso esta comunicaci\u00f3n conlleve la obligaci\u00f3n de retirar el correspondiente enlace.  <\/p><p>En ning\u00fan caso, la existencia de Sitios Enlazados debe presuponer la existencia de acuerdos con los responsables o titulares de los mismos, ni la recomendaci\u00f3n, promoci\u00f3n o identificaci\u00f3n de EUSES TE con las manifestaciones, contenidos o servicios provistos.<\/p><p>EUSES TE no conoce los contenidos y servicios de los Sitios Enlazados y, por tanto, no se hace responsable por los da\u00f1os producidos por la ilicitud, calidad, desactualizaci\u00f3n, indisponibilidad, error e inutilidad de los contenidos o servicios de los Sitios Enlazados ni por cualquier otro da\u00f1o que no sea directamente imputable a EUSES TE.<\/p><p><strong>5. Propiedad intelectual e industrial.<\/strong><\/p><p>Todos los contenidos del Portal, entendiendo por estos a t\u00edtulo meramente enunciativo, los textos, fotograf\u00edas, gr\u00e1ficos, im\u00e1genes, iconos, tecnolog\u00eda, software, links y dem\u00e1s contenidos audiovisuales o sonoros, as\u00ed como su dise\u00f1o gr\u00e1fico y c\u00f3digos fuente (en adelante, los \u2018Contenidos\u2019), son propiedad intelectual de EUSES TE o de terceros, sin que puedan entenderse cedidos al Usuario ninguno de los derechos de explotaci\u00f3n reconocidos por la normativa vigente en materia de propiedad intelectual sobre los mismos, salvo aquellos que resulten estrictamente necesario para el uso del Portal.<\/p><p>Las marcas, nombres comerciales o signos distintivos son titularidad de EUSES TE o terceros, sin que pueda entenderse que el acceso al Portal atribuya ning\u00fan derecho sobre las citadas marcas, nombres comerciales o signos distintivos.<\/p><p><strong>6. Contactar con EUSES TE<\/strong><\/p><p>Para cualquier consulta, para expresar cualquier queja acerca de nuestro cumplimiento de la presente Pol\u00edtica de Privacidad, o para comunicar cualquier recomendaci\u00f3n o comentario para mejorar la calidad de nuestra Pol\u00edtica de Privacidad, rogamos, se ponga en contacto con nosotros llamando al tel\u00e9fono 977448093. Nos esforzamos por mejorar permanentemente las herramientas que Ud. tiene a su disposici\u00f3n para gestionar los datos que nos proporcione. Rogamos visite la presente p\u00e1gina peri\u00f3dicamente para informarse de estas y otras prestaciones nuevas.<\/p><p><strong>7. Comunicaci\u00f3n de actividades de car\u00e1cter il\u00edcito e inadecuado.<\/strong><\/p><p>En el caso de que el Usuario o cualquier otro usuario de Internet tuviera conocimiento de que los Sitios Enlazados remiten a p\u00e1ginas cuyos contenidos o servicios son il\u00edcitos, nocivos, denigrantes, violentos o contrarios a la moral, podr\u00e1 ponerse en contacto con EUSES TE indicando los siguientes extremos:<\/p><p>Datos personales del comunicante: nombre, direcci\u00f3n, n\u00famero de tel\u00e9fono y direcci\u00f3n de correo electr\u00f3nico;<br>Descripci\u00f3n de los hechos que revelan el car\u00e1cter il\u00edcito o inadecuado del Sitio Enlazado;<br>En el supuesto de violaci\u00f3n de derechos, tales como propiedad intelectual e industrial, los datos personales del titular del derecho infringido cuando sea persona distinta del comunicante.<br>Declaraci\u00f3n expresa de que la informaci\u00f3n contenida en la reclamaci\u00f3n es exacta.<\/p><p>La recepci\u00f3n por parte de EUSES TE de la comunicaci\u00f3n prevista en esta cl\u00e1usula no supondr\u00e1, seg\u00fan lo dispuesto en la LSSI, el conocimiento efectivo de las actividades o contenidos indicados por el comunicante.<\/p><p><strong>8. Legislaci\u00f3n.<\/strong><\/p><p>El presente Aviso Legal se rige en todos y cada uno de sus extremos por el Reglamento (UE) 2016\/679 (RGPD), la LO 3\/2018 PDGDD, LA LEY 34\/2002 DE SERVICIOS DE LA SOCIEDAD DE LA INFORMACI\u00d3N Y COMERCIO ELECTR\u00d3NICO (LSSICE) y dem\u00e1s normativa espa\u00f1ola y europea que sea de aplicaci\u00f3n.<\/p>\t\t\t\t\t\t\t\t<\/div>\n\t\t\t\t<\/div>\n\t\t\t\t<\/div>\n\t\t\t\t\t<\/div>\n\t\t\t\t<\/div>\n\t\t\t\t<\/div>\n\t\t","protected":false},"excerpt":{"rendered":"<p>AvisoLegal EUSES TERRES DE L\u2019EBRE, S.L. adquiere el compromiso de salvaguardar la privacidad de los visitantes de su p\u00e1gina web. Lea nuestra pol\u00edtica de privacidad para informarse de c\u00f3mo es tratada la informaci\u00f3n que nos proporciona. El env\u00edo de comunicaciones o mensajes con datos personales a trav\u00e9s de esta p\u00e1gina web implica la conformidad con&hellip;&nbsp;<\/p>\n","protected":false},"author":1,"featured_media":0,"parent":0,"menu_order":0,"comment_status":"closed","ping_status":"closed","template":"elementor_header_footer","meta":{"neve_meta_sidebar":"","neve_meta_container":"","neve_meta_enable_content_width":"off","neve_meta_content_width":100,"neve_meta_title_alignment":"","neve_meta_author_avatar":"","neve_post_elements_order":"","neve_meta_disable_header":"","neve_meta_disable_footer":"","neve_meta_disable_title":"","footnotes":""},"class_list":["post-4939","page","type-page","status-publish","hentry"],"yoast_head":"<!-- This site is optimized with the Yoast SEO plugin v27.4 - https:\/\/yoast.com\/product\/yoast-seo-wordpress\/ -->\n<title>Aviso legal | EUSES<\/title>\n<meta name=\"robots\" content=\"noindex, follow\" \/>\n<meta property=\"og:locale\" content=\"es_ES\" \/>\n<meta property=\"og:type\" content=\"article\" \/>\n<meta property=\"og:title\" content=\"Aviso legal | EUSES\" \/>\n<meta property=\"og:description\" content=\"AvisoLegal EUSES TERRES DE L\u2019EBRE, S.L. adquiere el compromiso de salvaguardar la privacidad de los visitantes de su p\u00e1gina web. Lea nuestra pol\u00edtica de privacidad para informarse de c\u00f3mo es tratada la informaci\u00f3n que nos proporciona. El env\u00edo de comunicaciones o mensajes con datos personales a trav\u00e9s de esta p\u00e1gina web implica la conformidad con&hellip;&nbsp;\" \/>\n<meta property=\"og:url\" content=\"https:\/\/tarragonacf.euses.cat\/es\/aviso-legal\/\" \/>\n<meta property=\"og:site_name\" content=\"EUSES\" \/>\n<meta property=\"article:publisher\" content=\"https:\/\/www.facebook.com\/EUSESoficial\" \/>\n<meta property=\"article:modified_time\" content=\"2026-04-17T08:25:50+00:00\" \/>\n<meta property=\"og:image\" content=\"https:\/\/tarragonacf.euses.cat\/wp-content\/uploads\/2026\/04\/EUSES-Logotip.jpg\" \/>\n\t<meta property=\"og:image:width\" content=\"1280\" \/>\n\t<meta property=\"og:image:height\" content=\"720\" \/>\n\t<meta property=\"og:image:type\" content=\"image\/jpeg\" \/>\n<meta name=\"twitter:card\" content=\"summary_large_image\" \/>\n<meta name=\"twitter:site\" content=\"@EUSES_oficial\" \/>\n<meta name=\"twitter:label1\" content=\"Tiempo de lectura\" \/>\n\t<meta name=\"twitter:data1\" content=\"11 minutos\" \/>\n<script type=\"application\/ld+json\" class=\"yoast-schema-graph\">{\"@context\":\"https:\\\/\\\/schema.org\",\"@graph\":[{\"@type\":\"WebPage\",\"@id\":\"https:\\\/\\\/tarragonacf.euses.cat\\\/es\\\/aviso-legal\\\/\",\"url\":\"https:\\\/\\\/tarragonacf.euses.cat\\\/es\\\/aviso-legal\\\/\",\"name\":\"Aviso legal | EUSES\",\"isPartOf\":{\"@id\":\"https:\\\/\\\/tarragonacf.euses.cat\\\/es\\\/#website\"},\"datePublished\":\"2026-04-07T13:35:30+00:00\",\"dateModified\":\"2026-04-17T08:25:50+00:00\",\"breadcrumb\":{\"@id\":\"https:\\\/\\\/tarragonacf.euses.cat\\\/es\\\/aviso-legal\\\/#breadcrumb\"},\"inLanguage\":\"es\",\"potentialAction\":[{\"@type\":\"ReadAction\",\"target\":[\"https:\\\/\\\/tarragonacf.euses.cat\\\/es\\\/aviso-legal\\\/\"]}]},{\"@type\":\"BreadcrumbList\",\"@id\":\"https:\\\/\\\/tarragonacf.euses.cat\\\/es\\\/aviso-legal\\\/#breadcrumb\",\"itemListElement\":[{\"@type\":\"ListItem\",\"position\":1,\"name\":\"Portada\",\"item\":\"https:\\\/\\\/tarragonacf.euses.cat\\\/es\\\/home\\\/\"},{\"@type\":\"ListItem\",\"position\":2,\"name\":\"Aviso legal\"}]},{\"@type\":\"WebSite\",\"@id\":\"https:\\\/\\\/tarragonacf.euses.cat\\\/es\\\/#website\",\"url\":\"https:\\\/\\\/tarragonacf.euses.cat\\\/es\\\/\",\"name\":\"EUSES - Campus de Tarragona\",\"description\":\"Campus de Tarragona\",\"publisher\":{\"@id\":\"https:\\\/\\\/tarragonacf.euses.cat\\\/es\\\/#organization\"},\"alternateName\":\"EUSES - Campus de Tarragona\",\"potentialAction\":[{\"@type\":\"SearchAction\",\"target\":{\"@type\":\"EntryPoint\",\"urlTemplate\":\"https:\\\/\\\/tarragonacf.euses.cat\\\/es\\\/?s={search_term_string}\"},\"query-input\":{\"@type\":\"PropertyValueSpecification\",\"valueRequired\":true,\"valueName\":\"search_term_string\"}}],\"inLanguage\":\"es\"},{\"@type\":\"Organization\",\"@id\":\"https:\\\/\\\/tarragonacf.euses.cat\\\/es\\\/#organization\",\"name\":\"EUSES - Campus de Tarragona\",\"alternateName\":\"EUSES - Campus de Tarragona\",\"url\":\"https:\\\/\\\/tarragonacf.euses.cat\\\/es\\\/\",\"logo\":{\"@type\":\"ImageObject\",\"inLanguage\":\"es\",\"@id\":\"https:\\\/\\\/tarragonacf.euses.cat\\\/es\\\/#\\\/schema\\\/logo\\\/image\\\/\",\"url\":\"https:\\\/\\\/tarragonacf.euses.cat\\\/wp-content\\\/uploads\\\/2021\\\/04\\\/cropped-favicon-gran.webp\",\"contentUrl\":\"https:\\\/\\\/tarragonacf.euses.cat\\\/wp-content\\\/uploads\\\/2021\\\/04\\\/cropped-favicon-gran.webp\",\"width\":512,\"height\":512,\"caption\":\"EUSES - Campus de Tarragona\"},\"image\":{\"@id\":\"https:\\\/\\\/tarragonacf.euses.cat\\\/es\\\/#\\\/schema\\\/logo\\\/image\\\/\"},\"sameAs\":[\"https:\\\/\\\/www.facebook.com\\\/EUSESoficial\",\"https:\\\/\\\/x.com\\\/EUSES_oficial\",\"https:\\\/\\\/www.youtube.com\\\/user\\\/escolaeuses\",\"https:\\\/\\\/www.instagram.com\\\/EUSES_oficial\",\"https:\\\/\\\/www.linkedin.com\\\/school\\\/euses\\\/\"]}]}<\/script>\n<!-- \/ Yoast SEO plugin. -->","yoast_head_json":{"title":"Aviso legal | EUSES","robots":{"index":"noindex","follow":"follow"},"og_locale":"es_ES","og_type":"article","og_title":"Aviso legal | EUSES","og_description":"AvisoLegal EUSES TERRES DE L\u2019EBRE, S.L. adquiere el compromiso de salvaguardar la privacidad de los visitantes de su p\u00e1gina web. Lea nuestra pol\u00edtica de privacidad para informarse de c\u00f3mo es tratada la informaci\u00f3n que nos proporciona. El env\u00edo de comunicaciones o mensajes con datos personales a trav\u00e9s de esta p\u00e1gina web implica la conformidad con&hellip;&nbsp;","og_url":"https:\/\/tarragonacf.euses.cat\/es\/aviso-legal\/","og_site_name":"EUSES","article_publisher":"https:\/\/www.facebook.com\/EUSESoficial","article_modified_time":"2026-04-17T08:25:50+00:00","og_image":[{"width":1280,"height":720,"url":"https:\/\/tarragonacf.euses.cat\/wp-content\/uploads\/2026\/04\/EUSES-Logotip.jpg","type":"image\/jpeg"}],"twitter_card":"summary_large_image","twitter_site":"@EUSES_oficial","twitter_misc":{"Tiempo de lectura":"11 minutos"},"schema":{"@context":"https:\/\/schema.org","@graph":[{"@type":"WebPage","@id":"https:\/\/tarragonacf.euses.cat\/es\/aviso-legal\/","url":"https:\/\/tarragonacf.euses.cat\/es\/aviso-legal\/","name":"Aviso legal | EUSES","isPartOf":{"@id":"https:\/\/tarragonacf.euses.cat\/es\/#website"},"datePublished":"2026-04-07T13:35:30+00:00","dateModified":"2026-04-17T08:25:50+00:00","breadcrumb":{"@id":"https:\/\/tarragonacf.euses.cat\/es\/aviso-legal\/#breadcrumb"},"inLanguage":"es","potentialAction":[{"@type":"ReadAction","target":["https:\/\/tarragonacf.euses.cat\/es\/aviso-legal\/"]}]},{"@type":"BreadcrumbList","@id":"https:\/\/tarragonacf.euses.cat\/es\/aviso-legal\/#breadcrumb","itemListElement":[{"@type":"ListItem","position":1,"name":"Portada","item":"https:\/\/tarragonacf.euses.cat\/es\/home\/"},{"@type":"ListItem","position":2,"name":"Aviso legal"}]},{"@type":"WebSite","@id":"https:\/\/tarragonacf.euses.cat\/es\/#website","url":"https:\/\/tarragonacf.euses.cat\/es\/","name":"EUSES - Campus de Tarragona","description":"Campus de Tarragona","publisher":{"@id":"https:\/\/tarragonacf.euses.cat\/es\/#organization"},"alternateName":"EUSES - Campus de Tarragona","potentialAction":[{"@type":"SearchAction","target":{"@type":"EntryPoint","urlTemplate":"https:\/\/tarragonacf.euses.cat\/es\/?s={search_term_string}"},"query-input":{"@type":"PropertyValueSpecification","valueRequired":true,"valueName":"search_term_string"}}],"inLanguage":"es"},{"@type":"Organization","@id":"https:\/\/tarragonacf.euses.cat\/es\/#organization","name":"EUSES - Campus de Tarragona","alternateName":"EUSES - Campus de Tarragona","url":"https:\/\/tarragonacf.euses.cat\/es\/","logo":{"@type":"ImageObject","inLanguage":"es","@id":"https:\/\/tarragonacf.euses.cat\/es\/#\/schema\/logo\/image\/","url":"https:\/\/tarragonacf.euses.cat\/wp-content\/uploads\/2021\/04\/cropped-favicon-gran.webp","contentUrl":"https:\/\/tarragonacf.euses.cat\/wp-content\/uploads\/2021\/04\/cropped-favicon-gran.webp","width":512,"height":512,"caption":"EUSES - Campus de Tarragona"},"image":{"@id":"https:\/\/tarragonacf.euses.cat\/es\/#\/schema\/logo\/image\/"},"sameAs":["https:\/\/www.facebook.com\/EUSESoficial","https:\/\/x.com\/EUSES_oficial","https:\/\/www.youtube.com\/user\/escolaeuses","https:\/\/www.instagram.com\/EUSES_oficial","https:\/\/www.linkedin.com\/school\/euses\/"]}]}},"_links":{"self":[{"href":"https:\/\/tarragonacf.euses.cat\/es\/wp-json\/wp\/v2\/pages\/4939","targetHints":{"allow":["GET"]}}],"collection":[{"href":"https:\/\/tarragonacf.euses.cat\/es\/wp-json\/wp\/v2\/pages"}],"about":[{"href":"https:\/\/tarragonacf.euses.cat\/es\/wp-json\/wp\/v2\/types\/page"}],"author":[{"embeddable":true,"href":"https:\/\/tarragonacf.euses.cat\/es\/wp-json\/wp\/v2\/users\/1"}],"replies":[{"embeddable":true,"href":"https:\/\/tarragonacf.euses.cat\/es\/wp-json\/wp\/v2\/comments?post=4939"}],"version-history":[{"count":1,"href":"https:\/\/tarragonacf.euses.cat\/es\/wp-json\/wp\/v2\/pages\/4939\/revisions"}],"predecessor-version":[{"id":4940,"href":"https:\/\/tarragonacf.euses.cat\/es\/wp-json\/wp\/v2\/pages\/4939\/revisions\/4940"}],"wp:attachment":[{"href":"https:\/\/tarragonacf.euses.cat\/es\/wp-json\/wp\/v2\/media?parent=4939"}],"curies":[{"name":"wp","href":"https:\/\/api.w.org\/{rel}","templated":true}]}}