{"id":4930,"date":"2026-04-07T15:40:43","date_gmt":"2026-04-07T13:40:43","guid":{"rendered":"https:\/\/tarragonacf.euses.cat\/politica-de-privacidad\/"},"modified":"2026-04-17T09:44:14","modified_gmt":"2026-04-17T07:44:14","slug":"politica-de-privacidad","status":"publish","type":"page","link":"https:\/\/tarragonacf.euses.cat\/es\/politica-de-privacidad\/","title":{"rendered":"Pol\u00edtica de privacidad"},"content":{"rendered":"\t\t<div data-elementor-type=\"wp-page\" data-elementor-id=\"4930\" class=\"elementor elementor-4930 elementor-4508\" data-elementor-post-type=\"page\">\n\t\t\t\t<div class=\"elementor-element elementor-element-c275ea1 e-flex e-con-boxed e-con e-parent\" data-id=\"c275ea1\" data-element_type=\"container\" data-e-type=\"container\" data-settings=\"{&quot;background_background&quot;:&quot;classic&quot;}\">\n\t\t\t\t\t<div class=\"e-con-inner\">\n\t\t<div class=\"elementor-element elementor-element-5749a17 e-con-full e-flex e-con e-child\" data-id=\"5749a17\" data-element_type=\"container\" data-e-type=\"container\">\n\t\t\t\t<div class=\"elementor-element elementor-element-c8c11fa elementor-widget__width-initial dobletipo elementor-widget elementor-widget-heading\" data-id=\"c8c11fa\" data-element_type=\"widget\" data-e-type=\"widget\" data-widget_type=\"heading.default\">\n\t\t\t\t<div class=\"elementor-widget-container\">\n\t\t\t\t\t<h1 class=\"elementor-heading-title elementor-size-default\">Pol\u00edtica de privacidad<\/h1>\t\t\t\t<\/div>\n\t\t\t\t<\/div>\n\t\t\t\t<\/div>\n\t\t<div class=\"elementor-element elementor-element-fd893b2 e-con-full e-flex e-con e-child\" data-id=\"fd893b2\" data-element_type=\"container\" data-e-type=\"container\">\n\t\t\t\t<div class=\"elementor-element elementor-element-be533ef elementor-widget elementor-widget-text-editor\" data-id=\"be533ef\" data-element_type=\"widget\" data-e-type=\"widget\" data-widget_type=\"text-editor.default\">\n\t\t\t\t<div class=\"elementor-widget-container\">\n\t\t\t\t\t\t\t\t\t<p>EUSES TERRES DE L\u2019EBRE, S.L. adquiere el compromiso de salvaguardar la privacidad de los visitantes de su p\u00e1gina web. Lea nuestra pol\u00edtica de privacidad para informarse de c\u00f3mo es tratada la informaci\u00f3n que nos proporciona. El env\u00edo de comunicaciones o mensajes con datos personales a trav\u00e9s de esta p\u00e1gina web implica la conformidad con la pol\u00edtica de privacidad.  <\/p><p><strong>1. Protecci\u00f3n de datos personales. Informaci\u00f3n b\u00e1sica. <\/strong><\/p><p>EUSES TERRES DE L\u2019EBRE, S.L.<br>CIF: B55076921<br>Direcci\u00f3n postal: C\/ Francesc Maci\u00e0 65 . 17190-Salt. Girona<br>Tel\u00e8fon 977 448 093<br>Delegat de Protecci\u00f3 de Dades: <a href=\"mailto:dpd@metrodoraeducation.com\">dpd@metrodoraeducation.com<\/a>  <\/p><p><strong>Legitimaci\u00f3n:<\/strong> Ejecuci\u00f3n de un contrato, cumplimiento de una obligaci\u00f3n legal o inter\u00e9s<\/p><p><strong>Finalidades:<\/strong> ejecuci\u00f3n de la labor propia como centro de formaci\u00f3n, mantenimiento de la relaci\u00f3n con nuestros proveedores, cumplimiento de la relaci\u00f3n laboral o contractual, procesos de selecci\u00f3n y realizaci\u00f3n de actividades de mercadotecnia y marketing directo.<\/p><p><strong>Legitimaci\u00f3n:<\/strong> Ejecuci\u00f3n de un contrato, cumplimiento de una obligaci\u00f3n legal e inter\u00e9s leg\u00edtimo del responsable.<\/p><p><strong>Destinatarios: <\/strong>se ceder\u00e1n datos a las empresas del Grupo Metrodora con la finalidad de ofrecerle programas de formaci\u00f3n y servicios. Igualmente, se ceder\u00e1n datos a terceros en los supuestos en que lo disponga o permita la ley. <\/p><p>Derechos: usted tiene derecho a obtener confirmaci\u00f3n sobre si en EUSES TERRES DE L\u2019EBRE, S.L. estamos tratando sus datos personales. Por tanto, tiene derecho a acceder a sus datos personales, rectificar los datos inexactos o solicitar su supresi\u00f3n cuando los datos ya no sean necesarios, as\u00ed como a la portabilidad de los mismos en determinados supuestos. Puede ejercitar esos derechos dirigi\u00e9ndose a la direcci\u00f3n de correo electr\u00f3nico: <a href=\"mailto:dpd@metrodoraeducation.com\">dpd@metrodoraeducation.com<\/a>  <\/p><p>Tiene igualmente derecho a presentar una reclamaci\u00f3n ante la Agencia Espa\u00f1ola Protecci\u00f3n de Datos.<\/p><p><strong>2. Protecci\u00f3n de datos personales. Informaci\u00f3n adicional. <\/strong><\/p><p><strong>2.1. Tratamiento de datos.<\/strong><\/p><p>Los datos recabados a trav\u00e9s de los formularios de recogida de datos del Portal ser\u00e1n tratados por EUSES TERRES DE L\u2019EBRE, S.L. de manera l\u00edcita, leal y transparente en relaci\u00f3n con el interesado.<br>Los datos recogidos por EUSES TERRES DE L\u2019EBRE, S.L. se utilizar\u00e1n con las siguientes finalidades:<\/p><ul><li>Para la ejecuci\u00f3n de la labor propia como centro de formaci\u00f3n.<\/li><\/ul><p>Tratamos sus datos de car\u00e1cter personal en el ejercicio de la funci\u00f3n docente en los \u00e1mbitos social, acad\u00e9mico y orientador.<br>Para la promoci\u00f3n y desarrollo de actividades organizadas o promovidas directa e indirectamente por EUSES TERRES DE L\u2019EBRE, S.L.<\/p><ul><li>Para el mantenimiento de la relaci\u00f3n con nuestros proveedores.<\/li><\/ul><p>Tratamos los datos de nuestros proveedores, ya sean estas personas f\u00edsicas y jur\u00eddicas, por ejemplo, en la relaci\u00f3n con los proveedores de suministros.<\/p><ul><li>Para el cumplimiento de la relaci\u00f3n laboral o contractual.<\/li><\/ul><p>Tratamos los datos de car\u00e1cter personal de nuestros trabajadores y colaboradores con el fin de dar cumplimiento a las relaciones laborales, contractuales o precontractuales mantenidas con EUSES TERRES DE L\u2019EBRE, S.L.<\/p><ul><li>Para los procesos de selecci\u00f3n.<\/li><\/ul><p>Tratamos los datos de car\u00e1cter personal de todos los candidatos de empleo con el fin de gestionar su participaci\u00f3n en los procesos de selecci\u00f3n de personal llevados a cabo por EUSES TERRES DE L\u2019EBRE, S.L.<\/p><ul><li>Para la realizaci\u00f3n de actividades de mercadotecnia y marketing directo.<\/li><\/ul><p>Se tratar\u00e1n datos personales por la necesidad de realizar actividades de promoci\u00f3n de los servicios de formaci\u00f3n y complementarios ofrecidos por las empresas del Grupo Metrodora. A estos efectos podr\u00e1n realizarse an\u00e1lisis de perfiles con la finalidad de ofrecer los servicios m\u00e1s adecuados al perfil profesional de los interesados. <\/p><p>Se tratar\u00e1n \u00fanicamente los datos que sean adecuados, pertinentes y limitados a lo necesario en relaci\u00f3n con los fines para los que son tratados. Los datos ser\u00e1n conservados \u00fanicamente durante el tiempo necesario para los fines del tratamiento. <\/p><p><strong>2.2. Legitimaci\u00f3n.<\/strong><\/p><p>La legitimaci\u00f3n del tratamiento se fundamenta en la ejecuci\u00f3n de un contrato de prestaci\u00f3n de servicios o en el cumplimiento de una obligaci\u00f3n legal, de conformidad con la Ley Org\u00e1nica 2\/2006, de 3 de mayo, de Educaci\u00f3n, Real Decreto 822\/2021, de 28 de septiembre, por el que se establece la organizaci\u00f3n de las ense\u00f1anzas universitarias y del procedimiento de aseguramiento de su calidad, Ley Org\u00e1nica 5\/2002, de 19 de junio, de las Cualificaciones y de la Formaci\u00f3n Profesional y dem\u00e1s normativa de aplicaci\u00f3n. Asimismo, para la realizaci\u00f3n de actividades de mercadotecnia y marketing directo, se tratar\u00e1n datos personales en virtud del inter\u00e9s leg\u00edtimo del responsable, en los t\u00e9rminos previstos en el art\u00edculo 6.1 f) del RGPD. <\/p><p><strong>2.3. Duraci\u00f3n del tratamiento.<\/strong><\/p><p>El plazo de conservaci\u00f3n de datos de los alumnos viene determinado por la duraci\u00f3n de los programas de formaci\u00f3n de los alumnos de EUSES TERRES DE L\u2019EBRE, S.L. y las obligaciones legales derivadas de los mismos, as\u00ed como de la vigencia del inter\u00e9s leg\u00edtimo del responsable, en los t\u00e9rminos previstos en el art\u00edculo 6.1 f) del RGPD.<br>El plazo de conservaci\u00f3n de datos de empleados viene determinado por la duraci\u00f3n de la relaci\u00f3n laboral, bien mediante la adquisici\u00f3n o p\u00e9rdida de la condici\u00f3n de socio, bien mediante la extinci\u00f3n del contrato de trabajo, no siendo posible concretarlo a priori. En el supuesto de C.V. de solicitantes ser\u00e1 de 1 a\u00f1o.<br>El plazo de conservaci\u00f3n de datos de proveedores viene determinado por la duraci\u00f3n de la relaci\u00f3n de negocio, no siendo posible concretarlo a priori.<br>Con independencia de que tratemos tus datos durante el tiempo estrictamente necesario para cumplir con la finalidad correspondiente, los conservaremos posteriormente debidamente guardados, protegidos y bloqueados durante el tiempo en que pudieran surgir responsabilidades derivadas del tratamiento, en cumplimiento con la normativa vigente en cada momento. Una vez prescriban las posibles acciones en cada caso, procederemos a la supresi\u00f3n de los datos personales.  <\/p><p><strong>2.4. Env\u00edo de curr\u00edculum.<\/strong><\/p><p>Los curr\u00edculos y demandas de empleo que se reciban a trav\u00e9s de los formularios, direcciones de correo electr\u00f3nico o enlaces de esta p\u00e1gina ser\u00e1n tratados por EUSES TERRES DE L\u2019EBRE, S.L. conforme a lo dispuesto en el apartado anterior, y podr\u00e1n ser utilizados en los procesos de selecci\u00f3n de personal de EUSES TERRES DE L\u2019EBRE, S.L.<\/p><p><strong>2.5. Derechos de los interesados.<\/strong><\/p><p>El Usuario tiene derecho a obtener confirmaci\u00f3n sobre si en EUSES TERRES DE L\u2019EBRE, S.L. estamos tratando datos personales que les conciernan, o no.<\/p><p>Los usuarios tienen derecho a acceder a sus datos personales, as\u00ed como a solicitar la rectificaci\u00f3n de los datos inexactos o, en su caso, solicitar su supresi\u00f3n cuando, entre otros motivos, los datos ya no sean necesarios para los fines que fueron recogidos.<\/p><p>En determinadas circunstancias, los usuarios podr\u00e1n solicitar la limitaci\u00f3n del tratamiento de sus datos, en cuyo caso \u00fanicamente los conservaremos para el ejercicio o la defensa de reclamaciones.<br>En determinadas circunstancias y por motivos relacionados con su situaci\u00f3n particular, los interesados podr\u00e1n oponerse al tratamiento de sus datos. En ese supuesto, EUSES TERRES DE L\u2019EBRE, S.L. dejar\u00e1 de tratar los datos, salvo por motivos leg\u00edtimos imperiosos, o el ejercicio o la defensa de posibles reclamaciones. <\/p><p>Para el ejercicio de sus derechos, el titular de los datos deber\u00e1 enviar un correo electr\u00f3nico a la direcci\u00f3n <a href=\"mailto:dpd@metrodoraeducation.com\">dpd@metrodoraeducation.com<\/a> concretando su solicitud que deber\u00e1 contener los siguientes datos: nombre y apellidos del usuario, domicilio a efectos de notificaciones, copia del Documento Nacional de Identidad o Pasaporte, y petici\u00f3n en que se concreta la solicitud. En el caso de representaci\u00f3n, deber\u00e1 probarse la misma mediante documento fehaciente. <\/p><p>Si un usuario considera que hay un problema con la forma en que EUSES TERRES DE L\u2019EBRE, S.L. est\u00e1 manejando sus datos, puede dirigir sus reclamaciones al Delegado de Protecci\u00f3n de Datos o a la autoridad de control en protecci\u00f3n de datos que corresponda, siendo la Agencia Espa\u00f1ola de Protecci\u00f3n de Datos la indicada en el caso de Espa\u00f1a.<\/p><p><strong>2.6. Adopci\u00f3n de medidas de seguridad.<\/strong><\/p><p>El tratamiento de datos garantiza la seguridad adecuada de los mismos, incluida la protecci\u00f3n contra el tratamiento no autorizado o il\u00edcito y contra su p\u00e9rdida, destrucci\u00f3n o da\u00f1o accidental, mediante la aplicaci\u00f3n de medidas t\u00e9cnicas u organizativas apropiadas, habida cuenta del estado de la tecnolog\u00eda, la naturaleza de los datos almacenados y los riesgos a que est\u00e1n expuestos.<\/p><p><strong>2.7. Datos personales de menores.<\/strong><\/p><p>EUSES TERRES DE L\u2019EBRE, S.L. considera que los ni\u00f1os merecen una protecci\u00f3n espec\u00edfica de sus datos personales, ya que pueden ser menos conscientes de los riesgos, consecuencias, garant\u00edas y derechos concernientes al tratamiento de datos personales. Dicha protecci\u00f3n espec\u00edfica debe aplicarse, en particular, a la utilizaci\u00f3n de datos personales de ni\u00f1os con fines de mercadotecnia o elaboraci\u00f3n de perfiles de personalidad o de usuario, y a la obtenci\u00f3n de datos personales relativos a ni\u00f1os cuando se utilicen servicios ofrecidos directamente a un ni\u00f1o. EUSES TERRES DE L\u2019EBRE, S.L. cumple la Convenci\u00f3n de 20 de noviembre de 1989 sobre los Derechos del Ni\u00f1o, adoptada por la Asamblea General de las Naciones Unidas, y la Ley Org\u00e1nica 1\/1996, de 15 de enero, de Protecci\u00f3n Jur\u00eddica del Menor, aprobada por el Parlamento espa\u00f1ol, as\u00ed como la legislaci\u00f3n similar promulgada en otros pa\u00edses para proteger a los menores de edad.  <\/p><p><strong>3. Legislaci\u00f3n.<\/strong><\/p><p>El presente Aviso Legal se rige en todos y cada uno de sus extremos por el Reglamento (UE) 2016\/679 (RGPD), la LO 3\/2018 PDGDD y dem\u00e1s normativa espa\u00f1ola y europea que sea de aplicaci\u00f3n.<\/p>\t\t\t\t\t\t\t\t<\/div>\n\t\t\t\t<\/div>\n\t\t\t\t<\/div>\n\t\t\t\t\t<\/div>\n\t\t\t\t<\/div>\n\t\t\t\t<\/div>\n\t\t","protected":false},"excerpt":{"rendered":"<p>EUSES TERRES DE L\u2019EBRE, S.L. adquiere el compromiso de salvaguardar la privacidad de los visitantes de su p\u00e1gina web. Lea nuestra pol\u00edtica de privacidad para informarse de c\u00f3mo es tratada la informaci\u00f3n que nos proporciona. El env\u00edo de comunicaciones o mensajes con datos personales a trav\u00e9s de esta p\u00e1gina web implica la conformidad con la&hellip;&nbsp;<\/p>\n","protected":false},"author":1,"featured_media":0,"parent":0,"menu_order":0,"comment_status":"closed","ping_status":"closed","template":"elementor_header_footer","meta":{"neve_meta_sidebar":"","neve_meta_container":"","neve_meta_enable_content_width":"off","neve_meta_content_width":100,"neve_meta_title_alignment":"","neve_meta_author_avatar":"","neve_post_elements_order":"","neve_meta_disable_header":"","neve_meta_disable_footer":"","neve_meta_disable_title":"","footnotes":""},"class_list":["post-4930","page","type-page","status-publish","hentry"],"yoast_head":"<!-- This site is optimized with the Yoast SEO plugin v27.4 - https:\/\/yoast.com\/product\/yoast-seo-wordpress\/ -->\n<title>Pol\u00edtica de privacidad | EUSES<\/title>\n<meta name=\"robots\" content=\"noindex, follow\" \/>\n<meta property=\"og:locale\" content=\"es_ES\" \/>\n<meta property=\"og:type\" content=\"article\" \/>\n<meta property=\"og:title\" content=\"Pol\u00edtica de privacidad | EUSES\" \/>\n<meta property=\"og:description\" content=\"EUSES TERRES DE L\u2019EBRE, S.L. adquiere el compromiso de salvaguardar la privacidad de los visitantes de su p\u00e1gina web. Lea nuestra pol\u00edtica de privacidad para informarse de c\u00f3mo es tratada la informaci\u00f3n que nos proporciona. El env\u00edo de comunicaciones o mensajes con datos personales a trav\u00e9s de esta p\u00e1gina web implica la conformidad con la&hellip;&nbsp;\" \/>\n<meta property=\"og:url\" content=\"https:\/\/tarragonacf.euses.cat\/es\/politica-de-privacidad\/\" \/>\n<meta property=\"og:site_name\" content=\"EUSES\" \/>\n<meta property=\"article:publisher\" content=\"https:\/\/www.facebook.com\/EUSESoficial\" \/>\n<meta property=\"article:modified_time\" content=\"2026-04-17T07:44:14+00:00\" \/>\n<meta property=\"og:image\" content=\"https:\/\/tarragonacf.euses.cat\/wp-content\/uploads\/2026\/04\/EUSES-Logotip.jpg\" \/>\n\t<meta property=\"og:image:width\" content=\"1280\" \/>\n\t<meta property=\"og:image:height\" content=\"720\" \/>\n\t<meta property=\"og:image:type\" content=\"image\/jpeg\" \/>\n<meta name=\"twitter:card\" content=\"summary_large_image\" \/>\n<meta name=\"twitter:site\" content=\"@EUSES_oficial\" \/>\n<meta name=\"twitter:label1\" content=\"Tiempo de lectura\" \/>\n\t<meta name=\"twitter:data1\" content=\"8 minutos\" \/>\n<script type=\"application\/ld+json\" class=\"yoast-schema-graph\">{\"@context\":\"https:\\\/\\\/schema.org\",\"@graph\":[{\"@type\":\"WebPage\",\"@id\":\"https:\\\/\\\/tarragonacf.euses.cat\\\/es\\\/politica-de-privacidad\\\/\",\"url\":\"https:\\\/\\\/tarragonacf.euses.cat\\\/es\\\/politica-de-privacidad\\\/\",\"name\":\"Pol\u00edtica de privacidad | EUSES\",\"isPartOf\":{\"@id\":\"https:\\\/\\\/tarragonacf.euses.cat\\\/es\\\/#website\"},\"datePublished\":\"2026-04-07T13:40:43+00:00\",\"dateModified\":\"2026-04-17T07:44:14+00:00\",\"breadcrumb\":{\"@id\":\"https:\\\/\\\/tarragonacf.euses.cat\\\/es\\\/politica-de-privacidad\\\/#breadcrumb\"},\"inLanguage\":\"es\",\"potentialAction\":[{\"@type\":\"ReadAction\",\"target\":[\"https:\\\/\\\/tarragonacf.euses.cat\\\/es\\\/politica-de-privacidad\\\/\"]}]},{\"@type\":\"BreadcrumbList\",\"@id\":\"https:\\\/\\\/tarragonacf.euses.cat\\\/es\\\/politica-de-privacidad\\\/#breadcrumb\",\"itemListElement\":[{\"@type\":\"ListItem\",\"position\":1,\"name\":\"Portada\",\"item\":\"https:\\\/\\\/tarragonacf.euses.cat\\\/es\\\/home\\\/\"},{\"@type\":\"ListItem\",\"position\":2,\"name\":\"Pol\u00edtica de privacidad\"}]},{\"@type\":\"WebSite\",\"@id\":\"https:\\\/\\\/tarragonacf.euses.cat\\\/es\\\/#website\",\"url\":\"https:\\\/\\\/tarragonacf.euses.cat\\\/es\\\/\",\"name\":\"EUSES - Campus de Tarragona\",\"description\":\"Campus de Tarragona\",\"publisher\":{\"@id\":\"https:\\\/\\\/tarragonacf.euses.cat\\\/es\\\/#organization\"},\"alternateName\":\"EUSES - Campus de Tarragona\",\"potentialAction\":[{\"@type\":\"SearchAction\",\"target\":{\"@type\":\"EntryPoint\",\"urlTemplate\":\"https:\\\/\\\/tarragonacf.euses.cat\\\/es\\\/?s={search_term_string}\"},\"query-input\":{\"@type\":\"PropertyValueSpecification\",\"valueRequired\":true,\"valueName\":\"search_term_string\"}}],\"inLanguage\":\"es\"},{\"@type\":\"Organization\",\"@id\":\"https:\\\/\\\/tarragonacf.euses.cat\\\/es\\\/#organization\",\"name\":\"EUSES - Campus de Tarragona\",\"alternateName\":\"EUSES - Campus de Tarragona\",\"url\":\"https:\\\/\\\/tarragonacf.euses.cat\\\/es\\\/\",\"logo\":{\"@type\":\"ImageObject\",\"inLanguage\":\"es\",\"@id\":\"https:\\\/\\\/tarragonacf.euses.cat\\\/es\\\/#\\\/schema\\\/logo\\\/image\\\/\",\"url\":\"https:\\\/\\\/tarragonacf.euses.cat\\\/wp-content\\\/uploads\\\/2021\\\/04\\\/cropped-favicon-gran.webp\",\"contentUrl\":\"https:\\\/\\\/tarragonacf.euses.cat\\\/wp-content\\\/uploads\\\/2021\\\/04\\\/cropped-favicon-gran.webp\",\"width\":512,\"height\":512,\"caption\":\"EUSES - Campus de Tarragona\"},\"image\":{\"@id\":\"https:\\\/\\\/tarragonacf.euses.cat\\\/es\\\/#\\\/schema\\\/logo\\\/image\\\/\"},\"sameAs\":[\"https:\\\/\\\/www.facebook.com\\\/EUSESoficial\",\"https:\\\/\\\/x.com\\\/EUSES_oficial\",\"https:\\\/\\\/www.youtube.com\\\/user\\\/escolaeuses\",\"https:\\\/\\\/www.instagram.com\\\/EUSES_oficial\",\"https:\\\/\\\/www.linkedin.com\\\/school\\\/euses\\\/\"]}]}<\/script>\n<!-- \/ Yoast SEO plugin. -->","yoast_head_json":{"title":"Pol\u00edtica de privacidad | EUSES","robots":{"index":"noindex","follow":"follow"},"og_locale":"es_ES","og_type":"article","og_title":"Pol\u00edtica de privacidad | EUSES","og_description":"EUSES TERRES DE L\u2019EBRE, S.L. adquiere el compromiso de salvaguardar la privacidad de los visitantes de su p\u00e1gina web. Lea nuestra pol\u00edtica de privacidad para informarse de c\u00f3mo es tratada la informaci\u00f3n que nos proporciona. El env\u00edo de comunicaciones o mensajes con datos personales a trav\u00e9s de esta p\u00e1gina web implica la conformidad con la&hellip;&nbsp;","og_url":"https:\/\/tarragonacf.euses.cat\/es\/politica-de-privacidad\/","og_site_name":"EUSES","article_publisher":"https:\/\/www.facebook.com\/EUSESoficial","article_modified_time":"2026-04-17T07:44:14+00:00","og_image":[{"width":1280,"height":720,"url":"https:\/\/tarragonacf.euses.cat\/wp-content\/uploads\/2026\/04\/EUSES-Logotip.jpg","type":"image\/jpeg"}],"twitter_card":"summary_large_image","twitter_site":"@EUSES_oficial","twitter_misc":{"Tiempo de lectura":"8 minutos"},"schema":{"@context":"https:\/\/schema.org","@graph":[{"@type":"WebPage","@id":"https:\/\/tarragonacf.euses.cat\/es\/politica-de-privacidad\/","url":"https:\/\/tarragonacf.euses.cat\/es\/politica-de-privacidad\/","name":"Pol\u00edtica de privacidad | EUSES","isPartOf":{"@id":"https:\/\/tarragonacf.euses.cat\/es\/#website"},"datePublished":"2026-04-07T13:40:43+00:00","dateModified":"2026-04-17T07:44:14+00:00","breadcrumb":{"@id":"https:\/\/tarragonacf.euses.cat\/es\/politica-de-privacidad\/#breadcrumb"},"inLanguage":"es","potentialAction":[{"@type":"ReadAction","target":["https:\/\/tarragonacf.euses.cat\/es\/politica-de-privacidad\/"]}]},{"@type":"BreadcrumbList","@id":"https:\/\/tarragonacf.euses.cat\/es\/politica-de-privacidad\/#breadcrumb","itemListElement":[{"@type":"ListItem","position":1,"name":"Portada","item":"https:\/\/tarragonacf.euses.cat\/es\/home\/"},{"@type":"ListItem","position":2,"name":"Pol\u00edtica de privacidad"}]},{"@type":"WebSite","@id":"https:\/\/tarragonacf.euses.cat\/es\/#website","url":"https:\/\/tarragonacf.euses.cat\/es\/","name":"EUSES - Campus de Tarragona","description":"Campus de Tarragona","publisher":{"@id":"https:\/\/tarragonacf.euses.cat\/es\/#organization"},"alternateName":"EUSES - Campus de Tarragona","potentialAction":[{"@type":"SearchAction","target":{"@type":"EntryPoint","urlTemplate":"https:\/\/tarragonacf.euses.cat\/es\/?s={search_term_string}"},"query-input":{"@type":"PropertyValueSpecification","valueRequired":true,"valueName":"search_term_string"}}],"inLanguage":"es"},{"@type":"Organization","@id":"https:\/\/tarragonacf.euses.cat\/es\/#organization","name":"EUSES - Campus de Tarragona","alternateName":"EUSES - Campus de Tarragona","url":"https:\/\/tarragonacf.euses.cat\/es\/","logo":{"@type":"ImageObject","inLanguage":"es","@id":"https:\/\/tarragonacf.euses.cat\/es\/#\/schema\/logo\/image\/","url":"https:\/\/tarragonacf.euses.cat\/wp-content\/uploads\/2021\/04\/cropped-favicon-gran.webp","contentUrl":"https:\/\/tarragonacf.euses.cat\/wp-content\/uploads\/2021\/04\/cropped-favicon-gran.webp","width":512,"height":512,"caption":"EUSES - Campus de Tarragona"},"image":{"@id":"https:\/\/tarragonacf.euses.cat\/es\/#\/schema\/logo\/image\/"},"sameAs":["https:\/\/www.facebook.com\/EUSESoficial","https:\/\/x.com\/EUSES_oficial","https:\/\/www.youtube.com\/user\/escolaeuses","https:\/\/www.instagram.com\/EUSES_oficial","https:\/\/www.linkedin.com\/school\/euses\/"]}]}},"_links":{"self":[{"href":"https:\/\/tarragonacf.euses.cat\/es\/wp-json\/wp\/v2\/pages\/4930","targetHints":{"allow":["GET"]}}],"collection":[{"href":"https:\/\/tarragonacf.euses.cat\/es\/wp-json\/wp\/v2\/pages"}],"about":[{"href":"https:\/\/tarragonacf.euses.cat\/es\/wp-json\/wp\/v2\/types\/page"}],"author":[{"embeddable":true,"href":"https:\/\/tarragonacf.euses.cat\/es\/wp-json\/wp\/v2\/users\/1"}],"replies":[{"embeddable":true,"href":"https:\/\/tarragonacf.euses.cat\/es\/wp-json\/wp\/v2\/comments?post=4930"}],"version-history":[{"count":1,"href":"https:\/\/tarragonacf.euses.cat\/es\/wp-json\/wp\/v2\/pages\/4930\/revisions"}],"predecessor-version":[{"id":4931,"href":"https:\/\/tarragonacf.euses.cat\/es\/wp-json\/wp\/v2\/pages\/4930\/revisions\/4931"}],"wp:attachment":[{"href":"https:\/\/tarragonacf.euses.cat\/es\/wp-json\/wp\/v2\/media?parent=4930"}],"curies":[{"name":"wp","href":"https:\/\/api.w.org\/{rel}","templated":true}]}}